{"id":438,"date":"2021-04-25T20:21:25","date_gmt":"2021-04-25T20:21:25","guid":{"rendered":"http:\/\/resomag.cl\/?page_id=438"},"modified":"2025-05-18T19:53:33","modified_gmt":"2025-05-18T19:53:33","slug":"reclamos","status":"publish","type":"page","link":"https:\/\/resomag.cl\/?page_id=438","title":{"rendered":"Reclamos"},"content":{"rendered":"\t\t<div data-elementor-type=\"wp-page\" data-elementor-id=\"438\" class=\"elementor elementor-438\" data-elementor-post-type=\"page\">\n\t\t\t\t\t\t<section class=\"elementor-section elementor-top-section elementor-element elementor-element-efc4c04 elementor-section-height-min-height elementor-section-boxed elementor-section-height-default elementor-section-items-middle\" data-id=\"efc4c04\" data-element_type=\"section\" data-settings=\"{&quot;background_background&quot;:&quot;classic&quot;}\">\n\t\t\t\t\t\t\t<div class=\"elementor-background-overlay\"><\/div>\n\t\t\t\t\t\t\t<div class=\"elementor-container elementor-column-gap-default\">\n\t\t\t\t\t<div class=\"elementor-column elementor-col-100 elementor-top-column elementor-element elementor-element-525b4c9\" data-id=\"525b4c9\" data-element_type=\"column\">\n\t\t\t<div class=\"elementor-widget-wrap elementor-element-populated\">\n\t\t\t\t\t\t<div class=\"elementor-element elementor-element-ef3580a elementor-widget elementor-widget-heading\" data-id=\"ef3580a\" data-element_type=\"widget\" data-widget_type=\"heading.default\">\n\t\t\t\t<div class=\"elementor-widget-container\">\n\t\t\t\t\t<div class=\"elementor-heading-title elementor-size-default\">Reclamos<\/div>\t\t\t\t<\/div>\n\t\t\t\t<\/div>\n\t\t\t\t\t<\/div>\n\t\t<\/div>\n\t\t\t\t\t<\/div>\n\t\t<\/section>\n\t\t\t\t<section class=\"elementor-section elementor-top-section elementor-element elementor-element-897a3cf elementor-section-content-middle elementor-section-boxed elementor-section-height-default elementor-section-height-default\" data-id=\"897a3cf\" data-element_type=\"section\">\n\t\t\t\t\t\t<div class=\"elementor-container elementor-column-gap-no\">\n\t\t\t\t\t<div class=\"elementor-column elementor-col-50 elementor-top-column elementor-element elementor-element-777889c\" data-id=\"777889c\" data-element_type=\"column\">\n\t\t\t<div class=\"elementor-widget-wrap elementor-element-populated\">\n\t\t\t\t\t\t<div class=\"elementor-element elementor-element-c37c2a7 elementor-widget elementor-widget-heading\" data-id=\"c37c2a7\" data-element_type=\"widget\" data-widget_type=\"heading.default\">\n\t\t\t\t<div class=\"elementor-widget-container\">\n\t\t\t\t\t<div class=\"elementor-heading-title elementor-size-default\">Inf\u00f3rmanos de tu problema<\/div>\t\t\t\t<\/div>\n\t\t\t\t<\/div>\n\t\t\t\t<div class=\"elementor-element elementor-element-0307f96 elementor-widget elementor-widget-heading\" data-id=\"0307f96\" data-element_type=\"widget\" data-widget_type=\"heading.default\">\n\t\t\t\t<div class=\"elementor-widget-container\">\n\t\t\t\t\t<h2 class=\"elementor-heading-title elementor-size-default\">Siempre dispuestos a escucharte<\/h2>\t\t\t\t<\/div>\n\t\t\t\t<\/div>\n\t\t\t\t<div class=\"elementor-element elementor-element-a6bde6c elementor-widget-divider--view-line elementor-widget elementor-widget-divider\" data-id=\"a6bde6c\" data-element_type=\"widget\" data-widget_type=\"divider.default\">\n\t\t\t\t<div class=\"elementor-widget-container\">\n\t\t\t\t\t\t\t<div class=\"elementor-divider\">\n\t\t\t<span class=\"elementor-divider-separator\">\n\t\t\t\t\t\t<\/span>\n\t\t<\/div>\n\t\t\t\t\t\t<\/div>\n\t\t\t\t<\/div>\n\t\t\t\t<div class=\"elementor-element elementor-element-0377714 elementor-widget elementor-widget-text-editor\" data-id=\"0377714\" data-element_type=\"widget\" data-widget_type=\"text-editor.default\">\n\t\t\t\t<div class=\"elementor-widget-container\">\n\t\t\t\t\t\t\t\t\t<p>Para mayor informaci\u00f3n, consulta o reclamo sobre cualquiera de nuestros servicios, ponemos a tu disposici\u00f3n nuestro formulario.<\/p>\t\t\t\t\t\t\t\t<\/div>\n\t\t\t\t<\/div>\n\t\t\t\t\t<\/div>\n\t\t<\/div>\n\t\t\t\t<div class=\"elementor-column elementor-col-50 elementor-top-column elementor-element elementor-element-498b1bd\" data-id=\"498b1bd\" data-element_type=\"column\">\n\t\t\t<div class=\"elementor-widget-wrap elementor-element-populated\">\n\t\t\t\t\t\t<div class=\"elementor-element elementor-element-739c707 elementor-button-align-stretch elementor-widget elementor-widget-form\" data-id=\"739c707\" data-element_type=\"widget\" data-settings=\"{&quot;step_next_label&quot;:&quot;Next&quot;,&quot;step_previous_label&quot;:&quot;Previous&quot;,&quot;button_width&quot;:&quot;100&quot;,&quot;step_type&quot;:&quot;number_text&quot;,&quot;step_icon_shape&quot;:&quot;circle&quot;}\" data-widget_type=\"form.default\">\n\t\t\t\t<div class=\"elementor-widget-container\">\n\t\t\t\t\t\t\t<form class=\"elementor-form\" method=\"post\" name=\"New Form\">\n\t\t\t<input type=\"hidden\" name=\"post_id\" value=\"438\"\/>\n\t\t\t<input type=\"hidden\" name=\"form_id\" value=\"739c707\"\/>\n\t\t\t<input type=\"hidden\" name=\"referer_title\" value=\"Resomag\" \/>\n\n\t\t\t\n\t\t\t<div class=\"elementor-form-fields-wrapper elementor-labels-above\">\n\t\t\t\t\t\t\t\t<div class=\"elementor-field-type-text elementor-field-group elementor-column elementor-field-group-name elementor-col-100\">\n\t\t\t\t\t\t\t\t\t\t\t\t<label for=\"form-field-name\" class=\"elementor-field-label\">\n\t\t\t\t\t\t\t\tNombres\t\t\t\t\t\t\t<\/label>\n\t\t\t\t\t\t\t\t\t\t\t\t\t\t<input size=\"1\" type=\"text\" name=\"form_fields[name]\" id=\"form-field-name\" class=\"elementor-field elementor-size-md  elementor-field-textual\" placeholder=\"Ingrese su Nombre y Apellido\">\n\t\t\t\t\t\t\t\t\t\t\t<\/div>\n\t\t\t\t\t\t\t\t<div class=\"elementor-field-type-email elementor-field-group elementor-column elementor-field-group-email elementor-col-100 elementor-field-required\">\n\t\t\t\t\t\t\t\t\t\t\t\t<label for=\"form-field-email\" class=\"elementor-field-label\">\n\t\t\t\t\t\t\t\tEmail\t\t\t\t\t\t\t<\/label>\n\t\t\t\t\t\t\t\t\t\t\t\t\t\t<input size=\"1\" type=\"email\" name=\"form_fields[email]\" id=\"form-field-email\" class=\"elementor-field elementor-size-md  elementor-field-textual\" placeholder=\"Ingrese su correo electr\u00f3nico\" required=\"required\">\n\t\t\t\t\t\t\t\t\t\t\t<\/div>\n\t\t\t\t\t\t\t\t<div class=\"elementor-field-type-tel elementor-field-group elementor-column elementor-field-group-field_14624c8 elementor-col-100\">\n\t\t\t\t\t\t\t\t\t\t\t\t<label for=\"form-field-field_14624c8\" class=\"elementor-field-label\">\n\t\t\t\t\t\t\t\tTel\u00e9fono\t\t\t\t\t\t\t<\/label>\n\t\t\t\t\t\t\t\t<input size=\"1\" type=\"tel\" name=\"form_fields[field_14624c8]\" id=\"form-field-field_14624c8\" class=\"elementor-field elementor-size-md  elementor-field-textual\" placeholder=\"Ingrese su N\u00famero de Tel\u00e9fono\" pattern=\"[0-9()#&amp;+*-=.]+\" title=\"Solo se aceptan n\u00fameros y caracteres de tel\u00e9fono (#,-,*,etc).\">\n\n\t\t\t\t\t\t<\/div>\n\t\t\t\t\t\t\t\t<div class=\"elementor-field-type-select elementor-field-group elementor-column elementor-field-group-field_ff70008 elementor-col-100\">\n\t\t\t\t\t\t\t\t\t\t\t\t<label for=\"form-field-field_ff70008\" class=\"elementor-field-label\">\n\t\t\t\t\t\t\t\tServicio\t\t\t\t\t\t\t<\/label>\n\t\t\t\t\t\t\t\t<div class=\"elementor-field elementor-select-wrapper remove-before \">\n\t\t\t<div class=\"select-caret-down-wrapper\">\n\t\t\t\t<i aria-hidden=\"true\" class=\"eicon-caret-down\"><\/i>\t\t\t<\/div>\n\t\t\t<select name=\"form_fields[field_ff70008]\" id=\"form-field-field_ff70008\" class=\"elementor-field-textual elementor-size-md\">\n\t\t\t\t\t\t\t\t\t<option value=\"\">Elige el servicio <\/option>\n\t\t\t\t\t\t\t\t\t<option value=\"RESONANCIA MAGN\u00c9TICA\">RESONANCIA MAGN\u00c9TICA<\/option>\n\t\t\t\t\t\t\t\t\t<option value=\"ECOTOMOGRAF\u00cdA\">ECOTOMOGRAF\u00cdA<\/option>\n\t\t\t\t\t\t\t\t\t<option value=\"RAYOS X\">RAYOS X<\/option>\n\t\t\t\t\t\t\t\t\t<option value=\"MAMOGRAF\u00cdA\">MAMOGRAF\u00cdA<\/option>\n\t\t\t\t\t\t\t\t\t<option value=\"SCANNER :: TAC\">SCANNER :: TAC<\/option>\n\t\t\t\t\t\t\t<\/select>\n\t\t<\/div>\n\t\t\t\t\t\t<\/div>\n\t\t\t\t\t\t\t\t<div class=\"elementor-field-type-textarea elementor-field-group elementor-column elementor-field-group-message elementor-col-100\">\n\t\t\t\t\t\t\t\t\t\t\t\t<label for=\"form-field-message\" class=\"elementor-field-label\">\n\t\t\t\t\t\t\t\tMensaje :: Reclamo\t\t\t\t\t\t\t<\/label>\n\t\t\t\t\t\t<textarea class=\"elementor-field-textual elementor-field  elementor-size-md\" name=\"form_fields[message]\" id=\"form-field-message\" rows=\"4\" placeholder=\"Describa su reclamo.\"><\/textarea>\t\t\t\t<\/div>\n\t\t\t\t\t\t\t\t<div class=\"elementor-field-group elementor-column elementor-field-type-submit elementor-col-100 e-form__buttons\">\n\t\t\t\t\t<button class=\"elementor-button elementor-size-md\" type=\"submit\">\n\t\t\t\t\t\t<span class=\"elementor-button-content-wrapper\">\n\t\t\t\t\t\t\t\t\t\t\t\t\t\t\t\t\t\t\t\t\t\t<span class=\"elementor-button-text\">Enviar<\/span>\n\t\t\t\t\t\t\t\t\t\t\t\t\t<\/span>\n\t\t\t\t\t<\/button>\n\t\t\t\t<\/div>\n\t\t\t<\/div>\n\t\t<\/form>\n\t\t\t\t\t\t<\/div>\n\t\t\t\t<\/div>\n\t\t\t\t\t<\/div>\n\t\t<\/div>\n\t\t\t\t\t<\/div>\n\t\t<\/section>\n\t\t\t\t<\/div>\n\t\t","protected":false},"excerpt":{"rendered":"<p>Reclamos Inf\u00f3rmanos de tu problema Siempre dispuestos a escucharte Para mayor informaci\u00f3n, consulta o reclamo sobre cualquiera de nuestros servicios, ponemos a tu disposici\u00f3n nuestro formulario.<\/p>\n","protected":false},"author":1,"featured_media":0,"parent":0,"menu_order":0,"comment_status":"closed","ping_status":"closed","template":"","meta":{"footnotes":""},"class_list":["post-438","page","type-page","status-publish","hentry"],"yoast_head":"<!-- This site is optimized with the Yoast SEO plugin v26.0 - https:\/\/yoast.com\/wordpress\/plugins\/seo\/ -->\n<title>Reclamos - Resomag<\/title>\n<meta name=\"robots\" content=\"index, follow, max-snippet:-1, max-image-preview:large, max-video-preview:-1\" \/>\n<link rel=\"canonical\" href=\"https:\/\/resomag.cl\/?page_id=438\" \/>\n<meta property=\"og:locale\" content=\"es_ES\" \/>\n<meta property=\"og:type\" content=\"article\" \/>\n<meta property=\"og:title\" content=\"Reclamos - Resomag\" \/>\n<meta property=\"og:description\" content=\"Reclamos Inf\u00f3rmanos de tu problema Siempre dispuestos a escucharte Para mayor informaci\u00f3n, consulta o reclamo sobre cualquiera de nuestros servicios, ponemos a tu disposici\u00f3n nuestro formulario.\" \/>\n<meta property=\"og:url\" content=\"https:\/\/resomag.cl\/?page_id=438\" \/>\n<meta property=\"og:site_name\" content=\"Resomag\" \/>\n<meta property=\"article:modified_time\" content=\"2025-05-18T19:53:33+00:00\" \/>\n<meta name=\"twitter:card\" content=\"summary_large_image\" \/>\n<script type=\"application\/ld+json\" class=\"yoast-schema-graph\">{\"@context\":\"https:\/\/schema.org\",\"@graph\":[{\"@type\":\"WebPage\",\"@id\":\"https:\/\/resomag.cl\/?page_id=438\",\"url\":\"https:\/\/resomag.cl\/?page_id=438\",\"name\":\"Reclamos - Resomag\",\"isPartOf\":{\"@id\":\"https:\/\/resomag.cl\/#website\"},\"datePublished\":\"2021-04-25T20:21:25+00:00\",\"dateModified\":\"2025-05-18T19:53:33+00:00\",\"breadcrumb\":{\"@id\":\"https:\/\/resomag.cl\/?page_id=438#breadcrumb\"},\"inLanguage\":\"es\",\"potentialAction\":[{\"@type\":\"ReadAction\",\"target\":[\"https:\/\/resomag.cl\/?page_id=438\"]}]},{\"@type\":\"BreadcrumbList\",\"@id\":\"https:\/\/resomag.cl\/?page_id=438#breadcrumb\",\"itemListElement\":[{\"@type\":\"ListItem\",\"position\":1,\"name\":\"Home\",\"item\":\"https:\/\/resomag.cl\/\"},{\"@type\":\"ListItem\",\"position\":2,\"name\":\"Reclamos\"}]},{\"@type\":\"WebSite\",\"@id\":\"https:\/\/resomag.cl\/#website\",\"url\":\"https:\/\/resomag.cl\/\",\"name\":\"Resomag\",\"description\":\"Centro de im\u00e1genes avanzada\",\"publisher\":{\"@id\":\"https:\/\/resomag.cl\/#organization\"},\"potentialAction\":[{\"@type\":\"SearchAction\",\"target\":{\"@type\":\"EntryPoint\",\"urlTemplate\":\"https:\/\/resomag.cl\/?s={search_term_string}\"},\"query-input\":{\"@type\":\"PropertyValueSpecification\",\"valueRequired\":true,\"valueName\":\"search_term_string\"}}],\"inLanguage\":\"es\"},{\"@type\":\"Organization\",\"@id\":\"https:\/\/resomag.cl\/#organization\",\"name\":\"Resomag\",\"url\":\"https:\/\/resomag.cl\/\",\"logo\":{\"@type\":\"ImageObject\",\"inLanguage\":\"es\",\"@id\":\"https:\/\/resomag.cl\/#\/schema\/logo\/image\/\",\"url\":\"https:\/\/resomag.cl\/wp-content\/uploads\/2021\/04\/logo-reso.png\",\"contentUrl\":\"https:\/\/resomag.cl\/wp-content\/uploads\/2021\/04\/logo-reso.png\",\"width\":231,\"height\":61,\"caption\":\"Resomag\"},\"image\":{\"@id\":\"https:\/\/resomag.cl\/#\/schema\/logo\/image\/\"}}]}<\/script>\n<!-- \/ Yoast SEO plugin. -->","yoast_head_json":{"title":"Reclamos - Resomag","robots":{"index":"index","follow":"follow","max-snippet":"max-snippet:-1","max-image-preview":"max-image-preview:large","max-video-preview":"max-video-preview:-1"},"canonical":"https:\/\/resomag.cl\/?page_id=438","og_locale":"es_ES","og_type":"article","og_title":"Reclamos - Resomag","og_description":"Reclamos Inf\u00f3rmanos de tu problema Siempre dispuestos a escucharte Para mayor informaci\u00f3n, consulta o reclamo sobre cualquiera de nuestros servicios, ponemos a tu disposici\u00f3n nuestro formulario.","og_url":"https:\/\/resomag.cl\/?page_id=438","og_site_name":"Resomag","article_modified_time":"2025-05-18T19:53:33+00:00","twitter_card":"summary_large_image","schema":{"@context":"https:\/\/schema.org","@graph":[{"@type":"WebPage","@id":"https:\/\/resomag.cl\/?page_id=438","url":"https:\/\/resomag.cl\/?page_id=438","name":"Reclamos - Resomag","isPartOf":{"@id":"https:\/\/resomag.cl\/#website"},"datePublished":"2021-04-25T20:21:25+00:00","dateModified":"2025-05-18T19:53:33+00:00","breadcrumb":{"@id":"https:\/\/resomag.cl\/?page_id=438#breadcrumb"},"inLanguage":"es","potentialAction":[{"@type":"ReadAction","target":["https:\/\/resomag.cl\/?page_id=438"]}]},{"@type":"BreadcrumbList","@id":"https:\/\/resomag.cl\/?page_id=438#breadcrumb","itemListElement":[{"@type":"ListItem","position":1,"name":"Home","item":"https:\/\/resomag.cl\/"},{"@type":"ListItem","position":2,"name":"Reclamos"}]},{"@type":"WebSite","@id":"https:\/\/resomag.cl\/#website","url":"https:\/\/resomag.cl\/","name":"Resomag","description":"Centro de im\u00e1genes avanzada","publisher":{"@id":"https:\/\/resomag.cl\/#organization"},"potentialAction":[{"@type":"SearchAction","target":{"@type":"EntryPoint","urlTemplate":"https:\/\/resomag.cl\/?s={search_term_string}"},"query-input":{"@type":"PropertyValueSpecification","valueRequired":true,"valueName":"search_term_string"}}],"inLanguage":"es"},{"@type":"Organization","@id":"https:\/\/resomag.cl\/#organization","name":"Resomag","url":"https:\/\/resomag.cl\/","logo":{"@type":"ImageObject","inLanguage":"es","@id":"https:\/\/resomag.cl\/#\/schema\/logo\/image\/","url":"https:\/\/resomag.cl\/wp-content\/uploads\/2021\/04\/logo-reso.png","contentUrl":"https:\/\/resomag.cl\/wp-content\/uploads\/2021\/04\/logo-reso.png","width":231,"height":61,"caption":"Resomag"},"image":{"@id":"https:\/\/resomag.cl\/#\/schema\/logo\/image\/"}}]}},"_links":{"self":[{"href":"https:\/\/resomag.cl\/index.php?rest_route=\/wp\/v2\/pages\/438","targetHints":{"allow":["GET"]}}],"collection":[{"href":"https:\/\/resomag.cl\/index.php?rest_route=\/wp\/v2\/pages"}],"about":[{"href":"https:\/\/resomag.cl\/index.php?rest_route=\/wp\/v2\/types\/page"}],"author":[{"embeddable":true,"href":"https:\/\/resomag.cl\/index.php?rest_route=\/wp\/v2\/users\/1"}],"replies":[{"embeddable":true,"href":"https:\/\/resomag.cl\/index.php?rest_route=%2Fwp%2Fv2%2Fcomments&post=438"}],"version-history":[{"count":100,"href":"https:\/\/resomag.cl\/index.php?rest_route=\/wp\/v2\/pages\/438\/revisions"}],"predecessor-version":[{"id":857,"href":"https:\/\/resomag.cl\/index.php?rest_route=\/wp\/v2\/pages\/438\/revisions\/857"}],"wp:attachment":[{"href":"https:\/\/resomag.cl\/index.php?rest_route=%2Fwp%2Fv2%2Fmedia&parent=438"}],"curies":[{"name":"wp","href":"https:\/\/api.w.org\/{rel}","templated":true}]}}